{"id":1984,"date":"2022-03-22T16:59:30","date_gmt":"2022-03-22T15:59:30","guid":{"rendered":"http:\/\/www.francefuneraire.fr\/?page_id=1984"},"modified":"2022-03-29T15:43:28","modified_gmt":"2022-03-29T13:43:28","slug":"mentions-legales","status":"publish","type":"page","link":"https:\/\/www.francefuneraire.fr\/index.php\/mentions-legales\/","title":{"rendered":"Mentions l\u00e9gales"},"content":{"rendered":"\n<h1 class=\"has-text-align-center\" id=\"mentions-legales-de-la-marque-granit-ouest\">Mentions l\u00e9gales de la marque France Fun\u00e9raire<\/h1>\n\n\n\n<h3 class=\"has-text-align-center has-white-color has-text-color\" id=\"mentions-legales-de-la-marque-granit-ouest-1\"><strong>Mentions l\u00e9gales de la marque France fun\u00e9raire<\/strong><\/h3>\n\n\n\n<p class=\"has-text-align-center\" style=\"font-size:18px\">D\u00e9nomination sociale ou raison sociale&nbsp;: France Fun\u00e9raire \u2013 Fun\u00e9pro SAS<\/p>\n\n\n\n<p class=\"has-text-align-center\" style=\"font-size:18px\">Adresse du si\u00e8ge social&nbsp;: 30 chemin de S\u00e9bastopol, 85400 Lu\u00e7on<\/p>\n\n\n\n<p class=\"has-text-align-center\" style=\"font-size:18px\">Num\u00e9ro de t\u00e9l\u00e9phone&nbsp;: 02 51 56 02 47<\/p>\n\n\n\n<p class=\"has-text-align-center\" style=\"font-size:18px\">Adresse de courrier \u00e9lectronique\u00a0:\u00a0<a href=\"mailto:contact@francefuneraire.fr\" target=\"_blank\" rel=\"noreferrer noopener\">contact@francefuneraire.fr<\/a><\/p>\n\n\n\n<p class=\"has-text-align-center\" style=\"font-size:18px\">Capital social&nbsp;: 916&nbsp;040 \u20ac<\/p>\n\n\n\n<p class=\"has-text-align-center\" style=\"font-size:18px\">Directeur de la publication&nbsp;: Sylvestre OLGIATI<\/p>\n\n\n\n<p class=\"has-text-align-center\" style=\"font-size:18px\">Nom, d\u00e9nomination ou raison sociale et adresse et num\u00e9ro de t\u00e9l\u00e9phone de l&rsquo;h\u00e9bergeur du site&nbsp;: <br>OVHcloud, 2 rue Kellermann &#8211; 59100 Roubaix \u2013 France &#8211; t\u00e9l. 09 72 10 10 07 &#8211; <a rel=\"noreferrer noopener\" href=\"https:\/\/www.ovhcloud.com\/fr\/\" target=\"_blank\">https:\/\/www.ovhcloud.com\/fr\/<\/a><\/p>\n\n\n\n<div style=\"height:20px\" aria-hidden=\"true\" class=\"wp-block-spacer\"><\/div>\n\n\n\n<div class=\"wp-container-1 wp-block-buttons\">\n<div class=\"wp-block-button\"><a class=\"wp-block-button__link has-white-color has-text-color has-background\" href=\"https:\/\/www.francefuneraire.fr\/\" style=\"background-color:#004c99\"><strong>Retour \u00e0 l&rsquo;accueil<\/strong><\/a><\/div>\n<\/div>\n","protected":false},"excerpt":{"rendered":"<p>Mentions l\u00e9gales de la marque France Fun\u00e9raire Mentions l\u00e9gales de la marque France fun\u00e9raire D\u00e9nomination sociale ou raison sociale&nbsp;: France Fun\u00e9raire \u2013 Fun\u00e9pro SAS Adresse du si\u00e8ge social&nbsp;: 30 chemin de S\u00e9bastopol, 85400 Lu\u00e7on Num\u00e9ro de t\u00e9l\u00e9phone&nbsp;: 02 51 56 02 47 Adresse de courrier \u00e9lectronique\u00a0:\u00a0contact@francefuneraire.fr Capital social&nbsp;: 916&nbsp;040 \u20ac Directeur de la publication&nbsp;: Sylvestre [&hellip;]<\/p>\n","protected":false},"author":1,"featured_media":0,"parent":0,"menu_order":0,"comment_status":"closed","ping_status":"closed","template":"","meta":[],"_links":{"self":[{"href":"https:\/\/www.francefuneraire.fr\/index.php\/wp-json\/wp\/v2\/pages\/1984"}],"collection":[{"href":"https:\/\/www.francefuneraire.fr\/index.php\/wp-json\/wp\/v2\/pages"}],"about":[{"href":"https:\/\/www.francefuneraire.fr\/index.php\/wp-json\/wp\/v2\/types\/page"}],"author":[{"embeddable":true,"href":"https:\/\/www.francefuneraire.fr\/index.php\/wp-json\/wp\/v2\/users\/1"}],"replies":[{"embeddable":true,"href":"https:\/\/www.francefuneraire.fr\/index.php\/wp-json\/wp\/v2\/comments?post=1984"}],"version-history":[{"count":10,"href":"https:\/\/www.francefuneraire.fr\/index.php\/wp-json\/wp\/v2\/pages\/1984\/revisions"}],"predecessor-version":[{"id":2490,"href":"https:\/\/www.francefuneraire.fr\/index.php\/wp-json\/wp\/v2\/pages\/1984\/revisions\/2490"}],"wp:attachment":[{"href":"https:\/\/www.francefuneraire.fr\/index.php\/wp-json\/wp\/v2\/media?parent=1984"}],"curies":[{"name":"wp","href":"https:\/\/api.w.org\/{rel}","templated":true}]}}